{"id":910,"date":"2025-05-23T08:49:21","date_gmt":"2025-05-23T08:49:21","guid":{"rendered":"https:\/\/diffusionws.com\/?page_id=910"},"modified":"2025-05-27T11:34:50","modified_gmt":"2025-05-27T11:34:50","slug":"distributors-2","status":"publish","type":"page","link":"https:\/\/diffusionws.com\/es\/distributors-2\/","title":{"rendered":"Distribuidores"},"content":{"rendered":"<div data-elementor-type=\"wp-page\" data-elementor-id=\"910\" class=\"elementor elementor-910\" data-elementor-post-type=\"page\">\n\t\t\t\t<div class=\"elementor-element elementor-element-1b00417 e-con-full e-flex e-con e-parent\" data-id=\"1b00417\" data-element_type=\"container\" data-e-type=\"container\" data-settings=\"{&quot;background_background&quot;:&quot;classic&quot;}\">\n\t\t\t\t<\/div>\n\t\t<div class=\"elementor-element elementor-element-8651881 e-flex e-con-boxed e-con e-parent\" data-id=\"8651881\" data-element_type=\"container\" data-e-type=\"container\">\n\t\t\t\t\t<div class=\"e-con-inner\">\n\t\t<div class=\"elementor-element elementor-element-62c6e65 e-con-full e-flex e-con e-child\" data-id=\"62c6e65\" data-element_type=\"container\" data-e-type=\"container\">\n\t\t\t\t<div class=\"elementor-element elementor-element-aa715e6 elementor-widget elementor-widget-heading\" data-id=\"aa715e6\" data-element_type=\"widget\" data-e-type=\"widget\" data-widget_type=\"heading.default\">\n\t\t\t\t<div class=\"elementor-widget-container\">\n\t\t\t\t\t<h1 class=\"elementor-heading-title elementor-size-default\">Distribuidores<\/h1>\t\t\t\t<\/div>\n\t\t\t\t<\/div>\n\t\t\t\t<div class=\"elementor-element elementor-element-1d42edf elementor-widget elementor-widget-text-editor\" data-id=\"1d42edf\" data-element_type=\"widget\" data-e-type=\"widget\" data-widget_type=\"text-editor.default\">\n\t\t\t\t<div class=\"elementor-widget-container\">\n\t\t\t\t\t\t\t\t\t<p class=\"p1\"><span class=\"s1\">Contamos con una red exclusiva de importadores y distribuidores de confianza en toda Espa\u00f1a, lo que nos permite colocar nuestras marcas en las manos adecuadas\u2026 y sobre las mesas correctas.<\/span><\/p><p class=\"p1\"><span class=\"s1\">Nuestro modelo de log\u00edstica, almacenamiento y distribuci\u00f3n es eficiente, con control de temperatura y dise\u00f1ado para garantizar una entrega impecable.<\/span><\/p><p class=\"p1\"><span class=\"s1\">Desde restaurantes de alta gama hasta tiendas especializadas, gestionamos cada paso del camino al mercado con precisi\u00f3n y dedicaci\u00f3n.<\/span><span class=\"s2\">.<\/span><\/p>\t\t\t\t\t\t\t\t<\/div>\n\t\t\t\t<\/div>\n\t\t\t\t<\/div>\n\t\t<div class=\"elementor-element elementor-element-bf767ab e-con-full e-flex e-con e-child\" data-id=\"bf767ab\" data-element_type=\"container\" data-e-type=\"container\">\n\t\t\t\t<div class=\"elementor-element elementor-element-39a29b4 elementor-widget elementor-widget-image\" data-id=\"39a29b4\" data-element_type=\"widget\" data-e-type=\"widget\" data-widget_type=\"image.default\">\n\t\t\t\t<div class=\"elementor-widget-container\">\n\t\t\t\t\t\t\t\t\t\t\t\t\t\t\t<img fetchpriority=\"high\" decoding=\"async\" width=\"768\" height=\"1152\" src=\"https:\/\/diffusionws.com\/wp-content\/uploads\/2025\/05\/DISTRIBUTORS-768x1152.jpg\" class=\"attachment-medium_large size-medium_large wp-image-909\" alt=\"DISTRIBUTORS\" srcset=\"https:\/\/diffusionws.com\/wp-content\/uploads\/2025\/05\/DISTRIBUTORS-768x1152.jpg 768w, https:\/\/diffusionws.com\/wp-content\/uploads\/2025\/05\/DISTRIBUTORS-200x300.jpg 200w, https:\/\/diffusionws.com\/wp-content\/uploads\/2025\/05\/DISTRIBUTORS-683x1024.jpg 683w, https:\/\/diffusionws.com\/wp-content\/uploads\/2025\/05\/DISTRIBUTORS-8x12.jpg 8w, https:\/\/diffusionws.com\/wp-content\/uploads\/2025\/05\/DISTRIBUTORS.jpg 800w\" sizes=\"(max-width: 768px) 100vw, 768px\" \/>\t\t\t\t\t\t\t\t\t\t\t\t\t\t\t<\/div>\n\t\t\t\t<\/div>\n\t\t\t\t<\/div>\n\t\t\t\t\t<\/div>\n\t\t\t\t<\/div>\n\t\t\t\t<\/div>","protected":false},"excerpt":{"rendered":"<p>Distributors With an exclusive network of trusted importers and distributors across Spain, we ensure our brands are placed in the right hands\u2014and on the right tables. Our logistics, storage, and distribution model is efficient, temperature-controlled, and designed for seamless delivery. From luxury restaurants to premium retailers, we manage each step of the route to market [&hellip;]<\/p>\n","protected":false},"author":2,"featured_media":909,"parent":0,"menu_order":0,"comment_status":"closed","ping_status":"closed","template":"","meta":{"footnotes":""},"class_list":["post-910","page","type-page","status-publish","has-post-thumbnail","hentry"],"_links":{"self":[{"href":"https:\/\/diffusionws.com\/es\/wp-json\/wp\/v2\/pages\/910","targetHints":{"allow":["GET"]}}],"collection":[{"href":"https:\/\/diffusionws.com\/es\/wp-json\/wp\/v2\/pages"}],"about":[{"href":"https:\/\/diffusionws.com\/es\/wp-json\/wp\/v2\/types\/page"}],"author":[{"embeddable":true,"href":"https:\/\/diffusionws.com\/es\/wp-json\/wp\/v2\/users\/2"}],"replies":[{"embeddable":true,"href":"https:\/\/diffusionws.com\/es\/wp-json\/wp\/v2\/comments?post=910"}],"version-history":[{"count":16,"href":"https:\/\/diffusionws.com\/es\/wp-json\/wp\/v2\/pages\/910\/revisions"}],"predecessor-version":[{"id":1442,"href":"https:\/\/diffusionws.com\/es\/wp-json\/wp\/v2\/pages\/910\/revisions\/1442"}],"wp:featuredmedia":[{"embeddable":true,"href":"https:\/\/diffusionws.com\/es\/wp-json\/wp\/v2\/media\/909"}],"wp:attachment":[{"href":"https:\/\/diffusionws.com\/es\/wp-json\/wp\/v2\/media?parent=910"}],"curies":[{"name":"wp","href":"https:\/\/api.w.org\/{rel}","templated":true}]}}