{"id":290,"date":"2025-05-20T08:45:28","date_gmt":"2025-05-20T08:45:28","guid":{"rendered":"https:\/\/diffusionws.com\/?page_id=290"},"modified":"2025-05-27T11:36:01","modified_gmt":"2025-05-27T11:36:01","slug":"our-story","status":"publish","type":"page","link":"https:\/\/diffusionws.com\/es\/our-story\/","title":{"rendered":"Nuestra historia"},"content":{"rendered":"<div data-elementor-type=\"wp-page\" data-elementor-id=\"290\" class=\"elementor elementor-290\" data-elementor-post-type=\"page\">\n\t\t\t\t<div class=\"elementor-element elementor-element-58d9bab e-con-full e-flex e-con e-parent\" data-id=\"58d9bab\" data-element_type=\"container\" data-e-type=\"container\" data-settings=\"{&quot;background_background&quot;:&quot;classic&quot;}\">\n\t\t\t\t<\/div>\n\t\t<div class=\"elementor-element elementor-element-1e901d1 e-flex e-con-boxed e-con e-parent\" data-id=\"1e901d1\" data-element_type=\"container\" data-e-type=\"container\">\n\t\t\t\t\t<div class=\"e-con-inner\">\n\t\t<div class=\"elementor-element elementor-element-35a717e e-con-full e-flex e-con e-child\" data-id=\"35a717e\" data-element_type=\"container\" data-e-type=\"container\">\n\t\t\t\t<div class=\"elementor-element elementor-element-466812d elementor-widget elementor-widget-heading\" data-id=\"466812d\" data-element_type=\"widget\" data-e-type=\"widget\" data-widget_type=\"heading.default\">\n\t\t\t\t<div class=\"elementor-widget-container\">\n\t\t\t\t\t<h1 class=\"elementor-heading-title elementor-size-default\">Nuestra historia<\/h1>\t\t\t\t<\/div>\n\t\t\t\t<\/div>\n\t\t\t\t<div class=\"elementor-element elementor-element-b28f958 elementor-widget elementor-widget-text-editor\" data-id=\"b28f958\" data-element_type=\"widget\" data-e-type=\"widget\" data-widget_type=\"text-editor.default\">\n\t\t\t\t<div class=\"elementor-widget-container\">\n\t\t\t\t\t\t\t\t\t<p class=\"p1 translation-block\"><b>Diffusion Wine &amp; Spirits<\/b> es una joint venture din\u00e1mica entre <b>Famille Perrin<\/b>, reconocido productor de vinos con una rica herencia, y <b>Akim Simsek<\/b>, experto del sector con m\u00e1s de dos d\u00e9cadas de experiencia en el mundo del vino, los destilados y la hosteler\u00eda.<\/p>\n<p class=\"p1\"><span class=\"s1\">Esta alianza \u00fanica combina la tradici\u00f3n, excelencia y legado de la gran artesan\u00eda vitivin\u00edcola con una visi\u00f3n \u00e1gil, enfocada al mercado y basada en la distribuci\u00f3n, el desarrollo de marca y el crecimiento comercial.<\/span><\/p>\n<p class=\"p4 translation-block\"><b>Somos m\u00e1s que un importador o distribuidor.\u2028Somos un socio estrat\u00e9gico para marcas premium y super-premium, ofreciendo soluciones a medida que garantizan crecimiento sostenido y una s\u00f3lida presencia en el mercado.<\/b><\/p>\t\t\t\t\t\t\t\t<\/div>\n\t\t\t\t<\/div>\n\t\t\t\t<\/div>\n\t\t<div class=\"elementor-element elementor-element-b8feea9 e-con-full e-flex e-con e-child\" data-id=\"b8feea9\" data-element_type=\"container\" data-e-type=\"container\">\n\t\t\t\t<div class=\"elementor-element elementor-element-4d505a8 elementor-widget elementor-widget-image\" data-id=\"4d505a8\" data-element_type=\"widget\" data-e-type=\"widget\" data-widget_type=\"image.default\">\n\t\t\t\t<div class=\"elementor-widget-container\">\n\t\t\t\t\t\t\t\t\t\t\t\t\t\t\t<img fetchpriority=\"high\" decoding=\"async\" width=\"768\" height=\"768\" src=\"https:\/\/diffusionws.com\/wp-content\/uploads\/2025\/05\/foto12-768x768.jpeg\" class=\"attachment-medium_large size-medium_large wp-image-1364\" alt=\"\" srcset=\"https:\/\/diffusionws.com\/wp-content\/uploads\/2025\/05\/foto12-768x768.jpeg 768w, https:\/\/diffusionws.com\/wp-content\/uploads\/2025\/05\/foto12-300x300.jpeg 300w, https:\/\/diffusionws.com\/wp-content\/uploads\/2025\/05\/foto12-1024x1024.jpeg 1024w, https:\/\/diffusionws.com\/wp-content\/uploads\/2025\/05\/foto12-150x150.jpeg 150w, https:\/\/diffusionws.com\/wp-content\/uploads\/2025\/05\/foto12-12x12.jpeg 12w, https:\/\/diffusionws.com\/wp-content\/uploads\/2025\/05\/foto12.jpeg 1500w\" sizes=\"(max-width: 768px) 100vw, 768px\" \/>\t\t\t\t\t\t\t\t\t\t\t\t\t\t\t<\/div>\n\t\t\t\t<\/div>\n\t\t\t\t<\/div>\n\t\t\t\t\t<\/div>\n\t\t\t\t<\/div>\n\t\t\t\t<\/div>","protected":false},"excerpt":{"rendered":"<p>Our story Diffusion Wine &amp; Spirits is a dynamic joint venture between Famille Perrin, a renowned wine producer with a rich legacy, and Akim Simsek, an industry expert with over two decades of experience in the wine, spirits, and hospitality. This unique alliance combines the tradition, excellence, and heritage of world-class wine craftsmanship with an [&hellip;]<\/p>\n","protected":false},"author":2,"featured_media":0,"parent":0,"menu_order":0,"comment_status":"closed","ping_status":"closed","template":"","meta":{"footnotes":""},"class_list":["post-290","page","type-page","status-publish","hentry"],"_links":{"self":[{"href":"https:\/\/diffusionws.com\/es\/wp-json\/wp\/v2\/pages\/290","targetHints":{"allow":["GET"]}}],"collection":[{"href":"https:\/\/diffusionws.com\/es\/wp-json\/wp\/v2\/pages"}],"about":[{"href":"https:\/\/diffusionws.com\/es\/wp-json\/wp\/v2\/types\/page"}],"author":[{"embeddable":true,"href":"https:\/\/diffusionws.com\/es\/wp-json\/wp\/v2\/users\/2"}],"replies":[{"embeddable":true,"href":"https:\/\/diffusionws.com\/es\/wp-json\/wp\/v2\/comments?post=290"}],"version-history":[{"count":55,"href":"https:\/\/diffusionws.com\/es\/wp-json\/wp\/v2\/pages\/290\/revisions"}],"predecessor-version":[{"id":1448,"href":"https:\/\/diffusionws.com\/es\/wp-json\/wp\/v2\/pages\/290\/revisions\/1448"}],"wp:attachment":[{"href":"https:\/\/diffusionws.com\/es\/wp-json\/wp\/v2\/media?parent=290"}],"curies":[{"name":"wp","href":"https:\/\/api.w.org\/{rel}","templated":true}]}}