{"id":1283,"date":"2025-05-26T11:48:31","date_gmt":"2025-05-26T11:48:31","guid":{"rendered":"https:\/\/diffusionws.com\/?page_id=1283"},"modified":"2025-05-29T11:35:45","modified_gmt":"2025-05-29T11:35:45","slug":"accessibility-statement","status":"publish","type":"page","link":"https:\/\/diffusionws.com\/es\/accessibility-statement\/","title":{"rendered":"Declaraci\u00f3n de accesibilidad"},"content":{"rendered":"<div data-elementor-type=\"wp-page\" data-elementor-id=\"1283\" class=\"elementor elementor-1283\" data-elementor-post-type=\"page\">\n\t\t\t\t<div class=\"elementor-element elementor-element-1b00417 e-con-full e-flex e-con e-parent\" data-id=\"1b00417\" data-element_type=\"container\" data-e-type=\"container\" data-settings=\"{&quot;background_background&quot;:&quot;classic&quot;}\">\n\t\t\t\t<div class=\"elementor-element elementor-element-aead19a elementor-widget elementor-widget-heading\" data-id=\"aead19a\" data-element_type=\"widget\" data-e-type=\"widget\" data-widget_type=\"heading.default\">\n\t\t\t\t<div class=\"elementor-widget-container\">\n\t\t\t\t\t<h1 class=\"elementor-heading-title elementor-size-default\">Declaraci\u00f3n de accesibilidad<\/h1>\t\t\t\t<\/div>\n\t\t\t\t<\/div>\n\t\t\t\t<\/div>\n\t\t<div class=\"elementor-element elementor-element-ec42055 e-flex e-con-boxed e-con e-parent\" data-id=\"ec42055\" data-element_type=\"container\" data-e-type=\"container\" data-no-translation=\"\">\n\t\t\t\t\t<div class=\"e-con-inner\">\n\t\t\t\t<div class=\"elementor-element elementor-element-ebe7187 elementor-widget elementor-widget-text-editor\" data-id=\"ebe7187\" data-element_type=\"widget\" data-e-type=\"widget\" data-widget_type=\"text-editor.default\">\n\t\t\t\t<div class=\"elementor-widget-container\">\n\t\t\t\t\t\t\t\t\t<p data-start=\"0\" data-end=\"271\">Nos comprometemos a hacer que nuestro sitio web sea accesible de conformidad con el Real Decreto 1112\/2018, de 7 de septiembre, sobre la accesibilidad de los sitios web y aplicaciones m\u00f3viles del sector p\u00fablico (en adelante, \u201cReal Decreto 1112\/2018, de 7 de septiembre\u201d).<\/p><p data-start=\"273\" data-end=\"459\"><strong data-start=\"273\" data-end=\"298\">Estado de conformidad<\/strong><br data-start=\"298\" data-end=\"301\" \/>Este sitio web cumple parcialmente con el Real Decreto 1112\/2018, de 7 de septiembre, debido al incumplimiento de los aspectos que se detallan a continuaci\u00f3n.<\/p><p data-start=\"461\" data-end=\"556\"><strong data-start=\"461\" data-end=\"487\">Contenido no accesible<\/strong><br data-start=\"487\" data-end=\"490\" \/>El siguiente contenido no es accesible por las siguientes razones:<\/p><ul data-start=\"558\" data-end=\"1399\"><li data-start=\"558\" data-end=\"1012\"><p data-start=\"560\" data-end=\"1012\"><strong data-start=\"560\" data-end=\"625\">Incumplimiento del Real Decreto 1112\/2018, de 7 de septiembre<\/strong>: Puede haber errores ocasionales de edici\u00f3n en algunas p\u00e1ginas web, tanto en el contenido HTML como en documentos finales, publicados tras el 20 de septiembre de 2018 (fecha de entrada en vigor de este Real Decreto). En particular, puede haber problemas en documentos que contengan gr\u00e1ficos, tablas complejas o aquellos firmados electr\u00f3nicamente antes de su revisi\u00f3n de accesibilidad.<\/p><\/li><li data-start=\"1013\" data-end=\"1056\"><p data-start=\"1015\" data-end=\"1056\"><strong data-start=\"1015\" data-end=\"1041\">Carga desproporcionada<\/strong>: No procede.<\/p><\/li><li data-start=\"1057\" data-end=\"1399\"><p data-start=\"1059\" data-end=\"1399\"><strong data-start=\"1059\" data-end=\"1115\">Contenido fuera del \u00e1mbito de la normativa aplicable<\/strong>: Existen documentos ofim\u00e1ticos en PDF u otros formatos publicados antes del 20 de septiembre de 2018 que no cumplen plenamente todos los requisitos de accesibilidad. Tambi\u00e9n puede haber contenido de terceros que no est\u00e9 financiado, desarrollado ni bajo el control de este Ministerio.<\/p><\/li><\/ul><p data-start=\"1401\" data-end=\"1618\"><strong data-start=\"1401\" data-end=\"1453\">Elaboraci\u00f3n de esta Declaraci\u00f3n de Accesibilidad<\/strong><br data-start=\"1453\" data-end=\"1456\" \/>Esta declaraci\u00f3n se ha elaborado el 25 de abril de 2025.<br data-start=\"1512\" data-end=\"1515\" \/>El m\u00e9todo utilizado para su elaboraci\u00f3n ha sido la autoevaluaci\u00f3n realizada por la propia organizaci\u00f3n.<\/p><p data-start=\"1620\" data-end=\"1814\"><strong data-start=\"1620\" data-end=\"1657\">Observaciones y datos de contacto<\/strong><br data-start=\"1657\" data-end=\"1660\" \/>Puede dirigir sus comunicaciones relativas a los requisitos de accesibilidad (art\u00edculo 10.2.a del Real Decreto 1112\/2018, de 7 de septiembre), tales como:<\/p><ul data-start=\"1816\" data-end=\"2028\"><li data-start=\"1816\" data-end=\"1881\"><p data-start=\"1818\" data-end=\"1881\">Comunicar cualquier posible incumplimiento en este sitio web.<\/p><\/li><li data-start=\"1882\" data-end=\"1935\"><p data-start=\"1884\" data-end=\"1935\">Trasladar dificultades en el acceso al contenido.<\/p><\/li><li data-start=\"1936\" data-end=\"2028\"><p data-start=\"1938\" data-end=\"2028\">Realizar cualquier otra consulta o sugerencia para mejorar la accesibilidad del sitio web.<\/p><\/li><\/ul><p data-start=\"2030\" data-end=\"2065\">A trav\u00e9s de los siguientes canales:<\/p><ul data-start=\"2067\" data-end=\"2150\"><li data-start=\"2067\" data-end=\"2115\"><p data-start=\"2069\" data-end=\"2115\"><strong data-start=\"2069\" data-end=\"2091\">Correo electr\u00f3nico<\/strong>: <a class=\"cursor-pointer\" rel=\"noopener\" data-start=\"2093\" data-end=\"2113\">akim@diffusionws.com<\/a><\/p><\/li><li data-start=\"2116\" data-end=\"2150\"><p data-start=\"2118\" data-end=\"2150\"><strong data-start=\"2118\" data-end=\"2130\">Tel\u00e9fono<\/strong>: +34 637 37 14 23<\/p><\/li><\/ul><p data-start=\"2152\" data-end=\"2295\">Todas las comunicaciones ser\u00e1n recibidas y gestionadas por la direcci\u00f3n de la empresa, como unidad responsable del contenido de este sitio web.<\/p><p data-start=\"2297\" data-end=\"2477\"><strong data-start=\"2297\" data-end=\"2319\">Contenido opcional<\/strong><br data-start=\"2319\" data-end=\"2322\" \/>La versi\u00f3n actual de este sitio web se public\u00f3 en febrero de 2023 y, en ese momento, se revis\u00f3 el nivel de accesibilidad conforme a la normativa aplicable.<\/p><p data-start=\"2479\" data-end=\"2834\">Desde entonces, se realizan revisiones parciales diarias del contenido web reci\u00e9n creado o modificado \u2014tanto plantillas como p\u00e1ginas o documentos finales\u2014 para garantizar el cumplimiento de los requisitos de accesibilidad establecidos en la UNE-EN 301549:2019, teniendo en cuenta las excepciones previstas en el Real Decreto 1112\/2018, de 7 de septiembre.<\/p><p data-start=\"2836\" data-end=\"2904\">Entre las medidas adoptadas para mejorar la accesibilidad, destacan:<\/p><ul data-start=\"2906\" data-end=\"3103\" data-is-last-node=\"\" data-is-only-node=\"\"><li data-start=\"2906\" data-end=\"2951\"><p data-start=\"2908\" data-end=\"2951\">Uso de texto alternativo en las im\u00e1genes.<\/p><\/li><li data-start=\"2952\" data-end=\"3037\"><p data-start=\"2954\" data-end=\"3037\">Los enlaces proporcionan informaci\u00f3n sobre la funci\u00f3n o destino del hiperv\u00ednculo.<\/p><\/li><li data-start=\"3038\" data-end=\"3103\" data-is-last-node=\"\"><p data-start=\"3040\" data-end=\"3103\" data-is-last-node=\"\">Cumplimiento de los est\u00e1ndares W3C: XHTML 1.0, CSS 3.0, WAI AA.<\/p><\/li><\/ul>\t\t\t\t\t\t\t\t<\/div>\n\t\t\t\t<\/div>\n\t\t\t\t\t<\/div>\n\t\t\t\t<\/div>\n\t\t\t\t<\/div>","protected":false},"excerpt":{"rendered":"<p>Accessibility Statement We are committed to making our website accessible in accordance with Royal Decree 1112\/2018, of September 7th, on the accessibility of websites and mobile applications of the public sector (hereinafter referred to as Royal Decree 1112\/2018, of September 7th). Compliance StatusThis website is partially compliant with Royal Decree 1112\/2018, of September 7th, due [&hellip;]<\/p>\n","protected":false},"author":2,"featured_media":898,"parent":0,"menu_order":0,"comment_status":"closed","ping_status":"closed","template":"","meta":{"footnotes":""},"class_list":["post-1283","page","type-page","status-publish","has-post-thumbnail","hentry"],"_links":{"self":[{"href":"https:\/\/diffusionws.com\/es\/wp-json\/wp\/v2\/pages\/1283","targetHints":{"allow":["GET"]}}],"collection":[{"href":"https:\/\/diffusionws.com\/es\/wp-json\/wp\/v2\/pages"}],"about":[{"href":"https:\/\/diffusionws.com\/es\/wp-json\/wp\/v2\/types\/page"}],"author":[{"embeddable":true,"href":"https:\/\/diffusionws.com\/es\/wp-json\/wp\/v2\/users\/2"}],"replies":[{"embeddable":true,"href":"https:\/\/diffusionws.com\/es\/wp-json\/wp\/v2\/comments?post=1283"}],"version-history":[{"count":14,"href":"https:\/\/diffusionws.com\/es\/wp-json\/wp\/v2\/pages\/1283\/revisions"}],"predecessor-version":[{"id":1525,"href":"https:\/\/diffusionws.com\/es\/wp-json\/wp\/v2\/pages\/1283\/revisions\/1525"}],"wp:featuredmedia":[{"embeddable":true,"href":"https:\/\/diffusionws.com\/es\/wp-json\/wp\/v2\/media\/898"}],"wp:attachment":[{"href":"https:\/\/diffusionws.com\/es\/wp-json\/wp\/v2\/media?parent=1283"}],"curies":[{"name":"wp","href":"https:\/\/api.w.org\/{rel}","templated":true}]}}